{"id":132,"date":"2020-11-30T10:52:33","date_gmt":"2020-11-30T10:52:33","guid":{"rendered":"https:\/\/crosstec.eu\/?page_id=132"},"modified":"2022-10-25T11:16:43","modified_gmt":"2022-10-25T11:16:43","slug":"about-us","status":"publish","type":"page","link":"https:\/\/crosstec.eu\/en\/about-us\/","title":{"rendered":"About us"},"content":{"rendered":"<p>[vc_row][vc_column][vc_column_text]<\/p>\n<h1 class=\"font-style-heading-h1\">About us<\/h1>\n<p>[\/vc_column_text][\/vc_column][\/vc_row][vc_row][vc_column][vc_column_text]Seit 1979 sind wir \u2013 die Crosstec GmbH \u2013, ein in Wien ans\u00e4ssiges Unternehmen, bereits auf den Vertrieb von unterschiedlichen medizin-technischen, bio-medizinischen und medizinischen Produkten internationaler Hersteller, zwischenzeitlich gar innerhalb der heutigen Europ\u00e4ischen Union, spezialisiert.<\/p>\n<p>Unser h\u00f6chstes Ziel war und ist es immer, dem professionellen Anwender fortw\u00e4hrend sowohl bew\u00e4hrte Produkte auf dem neuesten Stand der Technik als auch das bestm\u00f6gliche Verst\u00e4ndnis \u00fcber innovative Methoden samt dazugeh\u00f6rigem Know-how, jeweils aus einer Vielzahl weltweit angesehener Produzenten, liefern respektive vorstellen zu k\u00f6nnen.<\/p>\n<p>Wir wollen mit unseren Kunden gemeinsam als Kompetenzteam auftreten und dabei stets im Sinne der Patienten agieren.<\/p>\n<p>Qualit\u00e4t, in der Tat unsere allerh\u00f6chste Priorit\u00e4t, und das Streben nach einer leichten Handhabung, gepaart mit einem reellen Kostenbewusstsein sind nur einige der Grundpfeiler unserer best\u00e4ndigen Firmenphilosophie.<\/p>\n<p>Seit Anbeginn an verf\u00fcgen wir grenz\u00fcberschreitend \u00fcber ein breitverzweigtes Netzwerk an erfolgreichen Gesch\u00e4ftsbeziehungen, die dem gemeinsamen Wissensaustausch dienen und zum Erfolg im Dienste der Gesundheit f\u00fchren.<\/p>\n<p>Unsere langj\u00e4hrigen qualifizierten und regelm\u00e4\u00dfig geschulten Mitarbeiterinnen und Mitarbeiter stehen Ihnen gerne zur Verf\u00fcgung und unterst\u00fctzen Sie in allen Fragen hinsichtlich unserer Produkte und deren Anwendung.[\/vc_column_text][\/vc_column][\/vc_row]<\/p>\n","protected":false},"excerpt":{"rendered":"<p>[vc_row][vc_column][vc_column_text] About us [\/vc_column_text][\/vc_column][\/vc_row][vc_row][vc_column][vc_column_text]Seit 1979 sind wir \u2013 die Crosstec GmbH \u2013, ein in Wien ans\u00e4ssiges Unternehmen, bereits auf den Vertrieb von unterschiedlichen medizin-technischen, bio-medizinischen und medizinischen Produkten internationaler Hersteller, zwischenzeitlich gar innerhalb der heutigen Europ\u00e4ischen Union, spezialisiert. Unser h\u00f6chstes Ziel war und ist es immer, dem professionellen Anwender fortw\u00e4hrend sowohl bew\u00e4hrte Produkte auf dem [&hellip;]<\/p>\n","protected":false},"author":1,"featured_media":0,"parent":0,"menu_order":200,"comment_status":"closed","ping_status":"closed","template":"","meta":{"inline_featured_image":false,"_vp_format_video_url":"","_vp_image_focal_point":[]},"_links":{"self":[{"href":"https:\/\/crosstec.eu\/en\/wp-json\/wp\/v2\/pages\/132"}],"collection":[{"href":"https:\/\/crosstec.eu\/en\/wp-json\/wp\/v2\/pages"}],"about":[{"href":"https:\/\/crosstec.eu\/en\/wp-json\/wp\/v2\/types\/page"}],"author":[{"embeddable":true,"href":"https:\/\/crosstec.eu\/en\/wp-json\/wp\/v2\/users\/1"}],"replies":[{"embeddable":true,"href":"https:\/\/crosstec.eu\/en\/wp-json\/wp\/v2\/comments?post=132"}],"version-history":[{"count":2,"href":"https:\/\/crosstec.eu\/en\/wp-json\/wp\/v2\/pages\/132\/revisions"}],"predecessor-version":[{"id":1792,"href":"https:\/\/crosstec.eu\/en\/wp-json\/wp\/v2\/pages\/132\/revisions\/1792"}],"wp:attachment":[{"href":"https:\/\/crosstec.eu\/en\/wp-json\/wp\/v2\/media?parent=132"}],"curies":[{"name":"wp","href":"https:\/\/api.w.org\/{rel}","templated":true}]}}