{"id":135,"date":"2025-11-11T10:35:17","date_gmt":"2025-11-11T10:35:17","guid":{"rendered":"https:\/\/crosstec.eu\/?page_id=135"},"modified":"2025-11-13T14:03:57","modified_gmt":"2025-11-13T14:03:57","slug":"contact","status":"publish","type":"page","link":"https:\/\/crosstec.eu\/en\/contact\/","title":{"rendered":"Contact"},"content":{"rendered":"<p>[vc_row][vc_column][vc_column_text]<\/p>\n<h1 class=\"font-style-heading-h1\">Contact<\/h1>\n<p>[\/vc_column_text][\/vc_column][\/vc_row][vc_row][vc_column][vc_column_text]<\/p>\n<p>Sehr geehrte Besucherin, sehr geehrter Besucher!<\/p>\n<p>Vielen Dank f\u00fcr Ihr Interesse an unserem Unternehmen. Da uns der pers\u00f6nliche Umgang miteinander \u00fcberaus wichtig ist, stehen Ihnen unsere geschulten und erfahrenen Mitarbeiterinnen und Mitarbeiter gerne bei Fragen, f\u00fcr Angebote oder einfach im Hinblick auf spezielle Anliegen gleich direkt zur Verf\u00fcgung.<\/p>\n<p>Wir freuen uns bereits auf Ihre Kontaktaufnahme<br \/>\nund verbleiben in diesem Sinne mit freundlichen Gr\u00fc\u00dfen,<\/p>\n<p>Ihre Crosstec GmbH<\/p>\n<p>[\/vc_column_text][vc_column_text]<\/p>\n<h6><strong>Crosstec GmbH<\/strong><\/h6>\n<p>Rotenl\u00f6wengasse 19<br \/>\n1090 Vienna<br \/>\nAustria<\/p>\n<p><strong>Contact Austria &amp; Germany<\/strong><br \/>\nPhone: +43 (0)1 \/ 310 31 00-0<br \/>\nFax: +43 (0)1 \/ 310 31 00-20<br \/>\nE-Mail: <a href=\"mailto:office@crosstec.eu\">office@crosstec.eu<\/a><\/p>\n<p><strong>Contact Slovakia &amp; Czech Republic <\/strong><br \/>\nPhone: +43 (0)664 \/ 187 24 88<br \/>\nFax: +43 (0)1 \/ 310 31 00-20<br \/>\nE-Mail: <a href=\"mailto:zm@crosstec.eu\">zm@crosstec.eu<\/a>[\/vc_column_text][vc_column_text]Wir freuen uns bereits auf Ihre Kontaktaufnahme und verbleiben in diesem Sinne mit freundlichen Gr\u00fc\u00dfen,<\/p>\n<h6><strong>Ihre Crosstec GmbH<\/strong><\/h6>\n<p>[\/vc_column_text][\/vc_column][\/vc_row]<\/p>\n","protected":false},"excerpt":{"rendered":"<p>[vc_row][vc_column][vc_column_text] Contact [\/vc_column_text][\/vc_column][\/vc_row][vc_row][vc_column][vc_column_text] Sehr geehrte Besucherin, sehr geehrter Besucher! Vielen Dank f\u00fcr Ihr Interesse an unserem Unternehmen. Da uns der pers\u00f6nliche Umgang miteinander \u00fcberaus wichtig ist, stehen Ihnen unsere geschulten und erfahrenen Mitarbeiterinnen und Mitarbeiter gerne bei Fragen, f\u00fcr Angebote oder einfach im Hinblick auf spezielle Anliegen gleich direkt zur Verf\u00fcgung. Wir freuen uns bereits [&hellip;]<\/p>\n","protected":false},"author":1,"featured_media":0,"parent":0,"menu_order":700,"comment_status":"closed","ping_status":"closed","template":"","meta":{"inline_featured_image":false,"_vp_format_video_url":"","_vp_image_focal_point":[]},"_links":{"self":[{"href":"https:\/\/crosstec.eu\/en\/wp-json\/wp\/v2\/pages\/135"}],"collection":[{"href":"https:\/\/crosstec.eu\/en\/wp-json\/wp\/v2\/pages"}],"about":[{"href":"https:\/\/crosstec.eu\/en\/wp-json\/wp\/v2\/types\/page"}],"author":[{"embeddable":true,"href":"https:\/\/crosstec.eu\/en\/wp-json\/wp\/v2\/users\/1"}],"replies":[{"embeddable":true,"href":"https:\/\/crosstec.eu\/en\/wp-json\/wp\/v2\/comments?post=135"}],"version-history":[{"count":7,"href":"https:\/\/crosstec.eu\/en\/wp-json\/wp\/v2\/pages\/135\/revisions"}],"predecessor-version":[{"id":2109,"href":"https:\/\/crosstec.eu\/en\/wp-json\/wp\/v2\/pages\/135\/revisions\/2109"}],"wp:attachment":[{"href":"https:\/\/crosstec.eu\/en\/wp-json\/wp\/v2\/media?parent=135"}],"curies":[{"name":"wp","href":"https:\/\/api.w.org\/{rel}","templated":true}]}}